{"id":2,"date":"2022-06-01T12:31:22","date_gmt":"2022-06-01T12:31:22","guid":{"rendered":"https:\/\/patarei.ee\/?page_id=2"},"modified":"2022-10-04T08:51:55","modified_gmt":"2022-10-04T08:51:55","slug":"sample-page","status":"publish","type":"page","link":"https:\/\/patarei.ee\/","title":{"rendered":"Patarei merekindlus"},"content":{"rendered":"\n<p class=\"has-text-align-center\">Patarei Merekindlus andis sajandeid endast<br>parima, et hoida inimesi esmalt eemal ja seej\u00e4rel sees. <\/p>\n\n\n\n<p class=\"has-text-align-center\">R\u00f5hutatud massiivsusega \u00f6eldes, et <br>nendest seintest l\u00e4bi ei tungi.<\/p>\n\n\n\n<p class=\"has-text-align-center\">Aga see oli siis.<\/p>\n\n\n\n<p class=\"has-text-align-center\">Uus Patarei Merekindlus laseb energial ja valgusel<br>vabalt voolata.  N\u00fc\u00fcdsest on see samav\u00f5rra suunan\u00e4itaja<br>kui see on olnud maam\u00e4rk.  Kaasaegne kogukonna ja<br>kaubanduse keskpunkt.<\/p>\n\n\n\n<p class=\"has-text-align-center\">Paik, mis seob kokku \u00e4ri ja vaba aja, t\u00f6\u00f6- ja seltsielu.<br>Ainulaadne segu ajaloolisest ja kaasaegsest arhitektuurist.<br>T\u00e4iuslik atmosf\u00e4\u00e4r nii kontoritele kui restoranidele \u2013<br>ja k\u00f5igele vahepealsele.<\/p>\n\n\n\n<p class=\"has-text-align-center\">Patarei Merekindlus on v\u00e4ravaks uute v\u00f5imaluste juurde.<\/p>\n\n\n\n<p class=\"has-text-align-center\">Uute ideede, elamuste ja maitsete juurde.<\/p>\n\n\n\n<p class=\"has-text-align-center\">V\u00f5lvk\u00e4ik k\u00f5ige uue ja huvitavani.<\/p>\n\n\n\n<div class=\"wp-block-buttons is-layout-flex wp-block-buttons-is-layout-flex\">\n<div class=\"wp-block-button aligncenter\" id=\"footer\"><a class=\"wp-block-button__link\" href=\"#register\">Astu sisse<\/a><\/div>\n<\/div>\n\n\n\n<p class=\"has-text-align-center small\">ja leia oma ideele<br>sobiv \u00fc\u00fcripind.<\/p>\n","protected":false},"excerpt":{"rendered":"<p>Patarei Merekindlus andis sajandeid endastparima, et hoida inimesi esmalt eemal ja seej\u00e4rel sees. R\u00f5hutatud massiivsusega \u00f6eldes, et nendest seintest l\u00e4bi ei tungi. Aga see oli siis. Uus Patarei Merekindlus laseb energial ja valguselvabalt voolata. N\u00fc\u00fcdsest on see samav\u00f5rra suunan\u00e4itajakui see on olnud maam\u00e4rk. Kaasaegne kogukonna jakaubanduse keskpunkt. Paik, mis seob kokku \u00e4ri ja vaba aja, [&hellip;]<\/p>\n","protected":false},"author":1,"featured_media":12,"parent":0,"menu_order":0,"comment_status":"closed","ping_status":"closed","template":"template-landing.php","meta":{"_acf_changed":false,"footnotes":""},"class_list":["post-2","page","type-page","status-publish","has-post-thumbnail","hentry"],"acf":[],"yoast_head":"<!-- This site is optimized with the Yoast SEO plugin v23.3 - https:\/\/yoast.com\/wordpress\/plugins\/seo\/ -->\n<title>Patarei merekindlus - Patarei Merekindlus<\/title>\n<meta name=\"robots\" content=\"index, follow, max-snippet:-1, max-image-preview:large, max-video-preview:-1\" \/>\n<link rel=\"canonical\" href=\"https:\/\/patarei.ee\/\" \/>\n<meta property=\"og:locale\" content=\"et_EE\" \/>\n<meta property=\"og:type\" content=\"article\" \/>\n<meta property=\"og:title\" content=\"Patarei merekindlus\" \/>\n<meta property=\"og:description\" content=\"Uus Patarei Merekindlus laseb energial ja valguselvabalt voolata. N\u00fc\u00fcdsest on see samav\u00f5rra suunan\u00e4itajakui see on olnud maam\u00e4rk.\" \/>\n<meta property=\"og:url\" content=\"https:\/\/patarei.ee\/\" \/>\n<meta property=\"og:site_name\" content=\"Patarei Merekindlus\" \/>\n<meta property=\"article:modified_time\" content=\"2022-10-04T08:51:55+00:00\" \/>\n<meta property=\"og:image\" content=\"https:\/\/patarei.ee\/wp-content\/uploads\/2022\/06\/screenshot-1.jpg\" \/>\n\t<meta property=\"og:image:width\" content=\"1279\" \/>\n\t<meta property=\"og:image:height\" content=\"680\" \/>\n\t<meta property=\"og:image:type\" content=\"image\/jpeg\" \/>\n<meta name=\"twitter:card\" content=\"summary_large_image\" \/>\n<meta name=\"twitter:label1\" content=\"Est. reading time\" \/>\n\t<meta name=\"twitter:data1\" content=\"1 minut\" \/>\n<script type=\"application\/ld+json\" class=\"yoast-schema-graph\">{\"@context\":\"https:\/\/schema.org\",\"@graph\":[{\"@type\":\"WebPage\",\"@id\":\"https:\/\/patarei.ee\/\",\"url\":\"https:\/\/patarei.ee\/\",\"name\":\"Patarei merekindlus - Patarei Merekindlus\",\"isPartOf\":{\"@id\":\"https:\/\/patarei.ee\/#website\"},\"primaryImageOfPage\":{\"@id\":\"https:\/\/patarei.ee\/#primaryimage\"},\"image\":{\"@id\":\"https:\/\/patarei.ee\/#primaryimage\"},\"thumbnailUrl\":\"https:\/\/patarei.ee\/wp-content\/uploads\/2022\/06\/img-hero.jpg\",\"datePublished\":\"2022-06-01T12:31:22+00:00\",\"dateModified\":\"2022-10-04T08:51:55+00:00\",\"breadcrumb\":{\"@id\":\"https:\/\/patarei.ee\/#breadcrumb\"},\"inLanguage\":\"et\",\"potentialAction\":[{\"@type\":\"ReadAction\",\"target\":[\"https:\/\/patarei.ee\/\"]}]},{\"@type\":\"ImageObject\",\"inLanguage\":\"et\",\"@id\":\"https:\/\/patarei.ee\/#primaryimage\",\"url\":\"https:\/\/patarei.ee\/wp-content\/uploads\/2022\/06\/img-hero.jpg\",\"contentUrl\":\"https:\/\/patarei.ee\/wp-content\/uploads\/2022\/06\/img-hero.jpg\",\"width\":1208,\"height\":680},{\"@type\":\"BreadcrumbList\",\"@id\":\"https:\/\/patarei.ee\/#breadcrumb\",\"itemListElement\":[{\"@type\":\"ListItem\",\"position\":1,\"name\":\"Home\",\"item\":\"https:\/\/patarei.ee\/\"},{\"@type\":\"ListItem\",\"position\":2,\"name\":\"Patarei merekindlus\"}]},{\"@type\":\"WebSite\",\"@id\":\"https:\/\/patarei.ee\/#website\",\"url\":\"https:\/\/patarei.ee\/\",\"name\":\"Patarei Merekindlus\",\"description\":\"\",\"potentialAction\":[{\"@type\":\"SearchAction\",\"target\":{\"@type\":\"EntryPoint\",\"urlTemplate\":\"https:\/\/patarei.ee\/?s={search_term_string}\"},\"query-input\":\"required name=search_term_string\"}],\"inLanguage\":\"et\"}]}<\/script>\n<!-- \/ Yoast SEO plugin. -->","yoast_head_json":{"title":"Patarei merekindlus - Patarei Merekindlus","robots":{"index":"index","follow":"follow","max-snippet":"max-snippet:-1","max-image-preview":"max-image-preview:large","max-video-preview":"max-video-preview:-1"},"canonical":"https:\/\/patarei.ee\/","og_locale":"et_EE","og_type":"article","og_title":"Patarei merekindlus","og_description":"Uus Patarei Merekindlus laseb energial ja valguselvabalt voolata. N\u00fc\u00fcdsest on see samav\u00f5rra suunan\u00e4itajakui see on olnud maam\u00e4rk.","og_url":"https:\/\/patarei.ee\/","og_site_name":"Patarei Merekindlus","article_modified_time":"2022-10-04T08:51:55+00:00","og_image":[{"width":1279,"height":680,"url":"https:\/\/patarei.ee\/wp-content\/uploads\/2022\/06\/screenshot-1.jpg","type":"image\/jpeg"}],"twitter_card":"summary_large_image","twitter_misc":{"Est. reading time":"1 minut"},"schema":{"@context":"https:\/\/schema.org","@graph":[{"@type":"WebPage","@id":"https:\/\/patarei.ee\/","url":"https:\/\/patarei.ee\/","name":"Patarei merekindlus - Patarei Merekindlus","isPartOf":{"@id":"https:\/\/patarei.ee\/#website"},"primaryImageOfPage":{"@id":"https:\/\/patarei.ee\/#primaryimage"},"image":{"@id":"https:\/\/patarei.ee\/#primaryimage"},"thumbnailUrl":"https:\/\/patarei.ee\/wp-content\/uploads\/2022\/06\/img-hero.jpg","datePublished":"2022-06-01T12:31:22+00:00","dateModified":"2022-10-04T08:51:55+00:00","breadcrumb":{"@id":"https:\/\/patarei.ee\/#breadcrumb"},"inLanguage":"et","potentialAction":[{"@type":"ReadAction","target":["https:\/\/patarei.ee\/"]}]},{"@type":"ImageObject","inLanguage":"et","@id":"https:\/\/patarei.ee\/#primaryimage","url":"https:\/\/patarei.ee\/wp-content\/uploads\/2022\/06\/img-hero.jpg","contentUrl":"https:\/\/patarei.ee\/wp-content\/uploads\/2022\/06\/img-hero.jpg","width":1208,"height":680},{"@type":"BreadcrumbList","@id":"https:\/\/patarei.ee\/#breadcrumb","itemListElement":[{"@type":"ListItem","position":1,"name":"Home","item":"https:\/\/patarei.ee\/"},{"@type":"ListItem","position":2,"name":"Patarei merekindlus"}]},{"@type":"WebSite","@id":"https:\/\/patarei.ee\/#website","url":"https:\/\/patarei.ee\/","name":"Patarei Merekindlus","description":"","potentialAction":[{"@type":"SearchAction","target":{"@type":"EntryPoint","urlTemplate":"https:\/\/patarei.ee\/?s={search_term_string}"},"query-input":"required name=search_term_string"}],"inLanguage":"et"}]}},"_links":{"self":[{"href":"https:\/\/patarei.ee\/index.php?rest_route=\/wp\/v2\/pages\/2","targetHints":{"allow":["GET"]}}],"collection":[{"href":"https:\/\/patarei.ee\/index.php?rest_route=\/wp\/v2\/pages"}],"about":[{"href":"https:\/\/patarei.ee\/index.php?rest_route=\/wp\/v2\/types\/page"}],"author":[{"embeddable":true,"href":"https:\/\/patarei.ee\/index.php?rest_route=\/wp\/v2\/users\/1"}],"replies":[{"embeddable":true,"href":"https:\/\/patarei.ee\/index.php?rest_route=%2Fwp%2Fv2%2Fcomments&post=2"}],"version-history":[{"count":45,"href":"https:\/\/patarei.ee\/index.php?rest_route=\/wp\/v2\/pages\/2\/revisions"}],"predecessor-version":[{"id":174,"href":"https:\/\/patarei.ee\/index.php?rest_route=\/wp\/v2\/pages\/2\/revisions\/174"}],"wp:featuredmedia":[{"embeddable":true,"href":"https:\/\/patarei.ee\/index.php?rest_route=\/wp\/v2\/media\/12"}],"wp:attachment":[{"href":"https:\/\/patarei.ee\/index.php?rest_route=%2Fwp%2Fv2%2Fmedia&parent=2"}],"curies":[{"name":"wp","href":"https:\/\/api.w.org\/{rel}","templated":true}]}}