{"id":61,"date":"2022-06-01T12:31:22","date_gmt":"2022-06-01T12:31:22","guid":{"rendered":"https:\/\/patarei.ee\/?page_id=61"},"modified":"2022-07-04T09:43:04","modified_gmt":"2022-07-04T09:43:04","slug":"sample-page","status":"publish","type":"page","link":"https:\/\/patarei.ee\/en","title":{"rendered":"Patarei seafortress"},"content":{"rendered":"\n<p class=\"has-text-align-center\">For centuries Patarei has done its\u2019 best<br>to first keep people out, and then in.<\/p>\n\n\n\n<p class=\"has-text-align-center\">The sheer size and scale emphasising<br>its\u2019 impenetrable character.<\/p>\n\n\n\n<p class=\"has-text-align-center\">But that was then.<\/p>\n\n\n\n<p class=\"has-text-align-center\">We have torn down walls, we have slammed<br>doors open. From now onwards Patarei is all<br>about free flow of energy and light.<\/p>\n\n\n\n<p class=\"has-text-align-center\">It is an invitation, that is open to everyone and everything.<\/p>\n\n\n\n<p class=\"has-text-align-center\">It is as much a state of mind, as it is an experience. <br>It is as much a benchmark, as it is a landmark.<\/p>\n\n\n\n<p class=\"has-text-align-center\">Patarei is a community hub and a centre of trade.<br>A place that ties together business and pleasure, working life<br> and social life. Where one flows into another.<\/p>\n\n\n\n<p class=\"has-text-align-center\">It is something transitional. A gate, a way.<\/p>\n\n\n\n<p class=\"has-text-align-center\">To new opportunities. To new ideas.<br>Experiences and tastes.<\/p>\n\n\n\n<p class=\"has-text-align-center\">It is an archway to all things new and exciting.<\/p>\n\n\n\n<div class=\"wp-block-buttons is-layout-flex wp-block-buttons-is-layout-flex\">\n<div class=\"wp-block-button aligncenter\" id=\"footer\"><a class=\"wp-block-button__link\" href=\"#register\">Step in<\/a><\/div>\n<\/div>\n\n\n\n<p class=\"has-text-align-center small\">and find suitable space<br>for Your idea.<\/p>\n","protected":false},"excerpt":{"rendered":"<p>For centuries Patarei has done its\u2019 bestto first keep people out, and then in. The sheer size and scale emphasisingits\u2019 impenetrable character. But that was then. We have torn down walls, we have slammeddoors open. From now onwards Patarei is allabout free flow of energy and light. It is an invitation, that is open to [&hellip;]<\/p>\n","protected":false},"author":1,"featured_media":15,"parent":0,"menu_order":0,"comment_status":"closed","ping_status":"closed","template":"template-landing.php","meta":{"_acf_changed":false,"footnotes":""},"class_list":["post-61","page","type-page","status-publish","has-post-thumbnail","hentry"],"acf":[],"yoast_head":"<!-- This site is optimized with the Yoast SEO plugin v23.3 - https:\/\/yoast.com\/wordpress\/plugins\/seo\/ -->\n<title>Patarei seafortress - Patarei Merekindlus<\/title>\n<meta name=\"robots\" content=\"index, follow, max-snippet:-1, max-image-preview:large, max-video-preview:-1\" \/>\n<link rel=\"canonical\" href=\"https:\/\/patarei.ee\/en\" \/>\n<meta property=\"og:locale\" content=\"en_US\" \/>\n<meta property=\"og:type\" content=\"article\" \/>\n<meta property=\"og:title\" content=\"Patarei merekindlus\" \/>\n<meta property=\"og:description\" content=\"Uus Patarei Merekindlus laseb energial ja valguselvabalt voolata. N\u00fc\u00fcdsest on see samav\u00f5rra suunan\u00e4itajakui see on olnud maam\u00e4rk.\" \/>\n<meta property=\"og:url\" content=\"https:\/\/patarei.ee\/en\" \/>\n<meta property=\"og:site_name\" content=\"Patarei Merekindlus\" \/>\n<meta property=\"article:modified_time\" content=\"2022-07-04T09:43:04+00:00\" \/>\n<meta property=\"og:image\" content=\"https:\/\/patarei.ee\/wp-content\/uploads\/2022\/06\/screenshot-1.jpg\" \/>\n\t<meta property=\"og:image:width\" content=\"1279\" \/>\n\t<meta property=\"og:image:height\" content=\"680\" \/>\n\t<meta property=\"og:image:type\" content=\"image\/jpeg\" \/>\n<meta name=\"twitter:card\" content=\"summary_large_image\" \/>\n<meta name=\"twitter:label1\" content=\"Est. reading time\" \/>\n\t<meta name=\"twitter:data1\" content=\"1 minute\" \/>\n<script type=\"application\/ld+json\" class=\"yoast-schema-graph\">{\"@context\":\"https:\/\/schema.org\",\"@graph\":[{\"@type\":\"WebPage\",\"@id\":\"https:\/\/patarei.ee\/en\",\"url\":\"https:\/\/patarei.ee\/en\",\"name\":\"Patarei seafortress - Patarei Merekindlus\",\"isPartOf\":{\"@id\":\"https:\/\/patarei.ee\/#website\"},\"primaryImageOfPage\":{\"@id\":\"https:\/\/patarei.ee\/en#primaryimage\"},\"image\":{\"@id\":\"https:\/\/patarei.ee\/en#primaryimage\"},\"thumbnailUrl\":\"https:\/\/patarei.ee\/wp-content\/uploads\/2022\/06\/img-hero.jpg\",\"datePublished\":\"2022-06-01T12:31:22+00:00\",\"dateModified\":\"2022-07-04T09:43:04+00:00\",\"breadcrumb\":{\"@id\":\"https:\/\/patarei.ee\/en#breadcrumb\"},\"inLanguage\":\"en-US\",\"potentialAction\":[{\"@type\":\"ReadAction\",\"target\":[\"https:\/\/patarei.ee\/en\"]}]},{\"@type\":\"ImageObject\",\"inLanguage\":\"en-US\",\"@id\":\"https:\/\/patarei.ee\/en#primaryimage\",\"url\":\"https:\/\/patarei.ee\/wp-content\/uploads\/2022\/06\/img-hero.jpg\",\"contentUrl\":\"https:\/\/patarei.ee\/wp-content\/uploads\/2022\/06\/img-hero.jpg\",\"width\":1208,\"height\":680},{\"@type\":\"BreadcrumbList\",\"@id\":\"https:\/\/patarei.ee\/en#breadcrumb\",\"itemListElement\":[{\"@type\":\"ListItem\",\"position\":1,\"name\":\"Home\",\"item\":\"https:\/\/patarei.ee\/en\"},{\"@type\":\"ListItem\",\"position\":2,\"name\":\"Patarei seafortress\"}]},{\"@type\":\"WebSite\",\"@id\":\"https:\/\/patarei.ee\/#website\",\"url\":\"https:\/\/patarei.ee\/\",\"name\":\"Patarei Merekindlus\",\"description\":\"\",\"potentialAction\":[{\"@type\":\"SearchAction\",\"target\":{\"@type\":\"EntryPoint\",\"urlTemplate\":\"https:\/\/patarei.ee\/?s={search_term_string}\"},\"query-input\":\"required name=search_term_string\"}],\"inLanguage\":\"en-US\"}]}<\/script>\n<!-- \/ Yoast SEO plugin. -->","yoast_head_json":{"title":"Patarei seafortress - Patarei Merekindlus","robots":{"index":"index","follow":"follow","max-snippet":"max-snippet:-1","max-image-preview":"max-image-preview:large","max-video-preview":"max-video-preview:-1"},"canonical":"https:\/\/patarei.ee\/en","og_locale":"en_US","og_type":"article","og_title":"Patarei merekindlus","og_description":"Uus Patarei Merekindlus laseb energial ja valguselvabalt voolata. N\u00fc\u00fcdsest on see samav\u00f5rra suunan\u00e4itajakui see on olnud maam\u00e4rk.","og_url":"https:\/\/patarei.ee\/en","og_site_name":"Patarei Merekindlus","article_modified_time":"2022-07-04T09:43:04+00:00","og_image":[{"width":1279,"height":680,"url":"https:\/\/patarei.ee\/wp-content\/uploads\/2022\/06\/screenshot-1.jpg","type":"image\/jpeg"}],"twitter_card":"summary_large_image","twitter_misc":{"Est. reading time":"1 minute"},"schema":{"@context":"https:\/\/schema.org","@graph":[{"@type":"WebPage","@id":"https:\/\/patarei.ee\/en","url":"https:\/\/patarei.ee\/en","name":"Patarei seafortress - Patarei Merekindlus","isPartOf":{"@id":"https:\/\/patarei.ee\/#website"},"primaryImageOfPage":{"@id":"https:\/\/patarei.ee\/en#primaryimage"},"image":{"@id":"https:\/\/patarei.ee\/en#primaryimage"},"thumbnailUrl":"https:\/\/patarei.ee\/wp-content\/uploads\/2022\/06\/img-hero.jpg","datePublished":"2022-06-01T12:31:22+00:00","dateModified":"2022-07-04T09:43:04+00:00","breadcrumb":{"@id":"https:\/\/patarei.ee\/en#breadcrumb"},"inLanguage":"en-US","potentialAction":[{"@type":"ReadAction","target":["https:\/\/patarei.ee\/en"]}]},{"@type":"ImageObject","inLanguage":"en-US","@id":"https:\/\/patarei.ee\/en#primaryimage","url":"https:\/\/patarei.ee\/wp-content\/uploads\/2022\/06\/img-hero.jpg","contentUrl":"https:\/\/patarei.ee\/wp-content\/uploads\/2022\/06\/img-hero.jpg","width":1208,"height":680},{"@type":"BreadcrumbList","@id":"https:\/\/patarei.ee\/en#breadcrumb","itemListElement":[{"@type":"ListItem","position":1,"name":"Home","item":"https:\/\/patarei.ee\/en"},{"@type":"ListItem","position":2,"name":"Patarei seafortress"}]},{"@type":"WebSite","@id":"https:\/\/patarei.ee\/#website","url":"https:\/\/patarei.ee\/","name":"Patarei Merekindlus","description":"","potentialAction":[{"@type":"SearchAction","target":{"@type":"EntryPoint","urlTemplate":"https:\/\/patarei.ee\/?s={search_term_string}"},"query-input":"required name=search_term_string"}],"inLanguage":"en-US"}]}},"_links":{"self":[{"href":"https:\/\/patarei.ee\/en\/index.php?rest_route=\/wp\/v2\/pages\/61","targetHints":{"allow":["GET"]}}],"collection":[{"href":"https:\/\/patarei.ee\/en\/index.php?rest_route=\/wp\/v2\/pages"}],"about":[{"href":"https:\/\/patarei.ee\/en\/index.php?rest_route=\/wp\/v2\/types\/page"}],"author":[{"embeddable":true,"href":"https:\/\/patarei.ee\/en\/index.php?rest_route=\/wp\/v2\/users\/1"}],"replies":[{"embeddable":true,"href":"https:\/\/patarei.ee\/en\/index.php?rest_route=%2Fwp%2Fv2%2Fcomments&post=61"}],"version-history":[{"count":32,"href":"https:\/\/patarei.ee\/en\/index.php?rest_route=\/wp\/v2\/pages\/61\/revisions"}],"predecessor-version":[{"id":162,"href":"https:\/\/patarei.ee\/en\/index.php?rest_route=\/wp\/v2\/pages\/61\/revisions\/162"}],"wp:featuredmedia":[{"embeddable":true,"href":"https:\/\/patarei.ee\/en\/index.php?rest_route=\/wp\/v2\/media\/15"}],"wp:attachment":[{"href":"https:\/\/patarei.ee\/en\/index.php?rest_route=%2Fwp%2Fv2%2Fmedia&parent=61"}],"curies":[{"name":"wp","href":"https:\/\/api.w.org\/{rel}","templated":true}]}}